{"id":239,"date":"2025-07-21T09:45:41","date_gmt":"2025-07-21T07:45:41","guid":{"rendered":"https:\/\/experthr.vdevs.eu\/o-nama\/"},"modified":"2025-07-21T14:12:13","modified_gmt":"2025-07-21T12:12:13","slug":"about-us","status":"publish","type":"page","link":"https:\/\/experthr.vdevs.eu\/en\/about-us\/","title":{"rendered":"About us"},"content":{"rendered":"<p>EXPERT ANTIQUE d.o.o. je specijalizirana tvrtka koja povezuje gra\u0111evinske firme s provjerenim agencijama za zapo\u0161ljavanje i kvalitetnim radnicima. Djelujemo kao posrednik koji \u0161tedi vrijeme, pojednostavljuje birokraciju i osigurava brz i siguran proces zapo\u0161ljavanja.<\/p>\n<p>Na\u0161 cilj je omogu\u0107iti gra\u0111evinskim tvrtkama da bez stresa do\u0111u do pouzdanih, iskusnih i spremnih radnika \u2013 to\u010dno onda kada ih trebaju.<\/p>\n","protected":false},"excerpt":{"rendered":"<p>EXPERT ANTIQUE d.o.o. je specijalizirana tvrtka koja povezuje gra\u0111evinske firme s provjerenim agencijama za zapo\u0161ljavanje i kvalitetnim radnicima. Djelujemo kao posrednik koji \u0161tedi vrijeme, pojednostavljuje birokraciju i osigurava brz i siguran proces zapo\u0161ljavanja. Na\u0161 cilj je omogu\u0107iti gra\u0111evinskim tvrtkama da bez stresa do\u0111u do pouzdanih, iskusnih i spremnih radnika \u2013 to\u010dno onda kada ih trebaju.<\/p>\n","protected":false},"author":1,"featured_media":310,"parent":0,"menu_order":0,"comment_status":"closed","ping_status":"closed","template":"template-onama.php","meta":{"_acf_changed":false,"footnotes":""},"class_list":["post-239","page","type-page","status-publish","has-post-thumbnail","hentry"],"acf":[],"_links":{"self":[{"href":"https:\/\/experthr.vdevs.eu\/en\/wp-json\/wp\/v2\/pages\/239","targetHints":{"allow":["GET"]}}],"collection":[{"href":"https:\/\/experthr.vdevs.eu\/en\/wp-json\/wp\/v2\/pages"}],"about":[{"href":"https:\/\/experthr.vdevs.eu\/en\/wp-json\/wp\/v2\/types\/page"}],"author":[{"embeddable":true,"href":"https:\/\/experthr.vdevs.eu\/en\/wp-json\/wp\/v2\/users\/1"}],"replies":[{"embeddable":true,"href":"https:\/\/experthr.vdevs.eu\/en\/wp-json\/wp\/v2\/comments?post=239"}],"version-history":[{"count":1,"href":"https:\/\/experthr.vdevs.eu\/en\/wp-json\/wp\/v2\/pages\/239\/revisions"}],"predecessor-version":[{"id":240,"href":"https:\/\/experthr.vdevs.eu\/en\/wp-json\/wp\/v2\/pages\/239\/revisions\/240"}],"wp:featuredmedia":[{"embeddable":true,"href":"https:\/\/experthr.vdevs.eu\/en\/wp-json\/wp\/v2\/media\/310"}],"wp:attachment":[{"href":"https:\/\/experthr.vdevs.eu\/en\/wp-json\/wp\/v2\/media?parent=239"}],"curies":[{"name":"wp","href":"https:\/\/api.w.org\/{rel}","templated":true}]}}